{"id":295,"date":"2020-08-25T15:34:11","date_gmt":"2020-08-25T13:34:11","guid":{"rendered":"https:\/\/wp.ibs-aachen.de\/?page_id=295"},"modified":"2020-09-04T10:19:14","modified_gmt":"2020-09-04T08:19:14","slug":"impressum","status":"publish","type":"page","link":"https:\/\/www.ibs-aachen.de\/?page_id=295","title":{"rendered":"Impressum"},"content":{"rendered":"\n<p><strong>IBS Dr. Sommer GmbH<\/strong><br>Promenade 7<br>52076 Aachen<br>Telefon: +49 2408 9472 0<br>Telefax: +49 2408 9472 15<br>eMail:&nbsp;<a href=\"mailto:info@ibs-aachen.de\">info@ibs-aachen.de<\/a><br>Internet:&nbsp;<a href=\"http:\/\/www.ibs-aachen.de\/\" target=\"_blank\" rel=\"noreferrer noopener\">www.ibs-aachen.de<\/a><\/p>\n\n\n\n<p>Vertretungsberechtigte Gesch\u00e4ftsf\u00fchrer:<br>Dipl.-Ing. Guido Dubois, Dipl.-Inform. Boris Oph\u00fcls<\/p>\n\n\n\n<p>Registergericht: Amtsgericht Aachen<br>Registernummer: HRB 6628<\/p>\n\n\n\n<p>UST.-ID-Nr. gem\u00e4\u00df \u00a7 27a UStG: DE 179 074 062<br>Steuer-Nr.: 201 \/ 5968 \/ 3068<\/p>\n\n\n\n<div class=\"wp-block-buttons is-layout-flex wp-block-buttons-is-layout-flex\">\n<div class=\"wp-block-button\"><a class=\"wp-block-button__link\" href=\"\/wp-content\/uploads\/2020\/09\/ibs_agb.pdf\"><strong>Download AGB<\/strong> \/ IBS Dr. Sommer GmbH<\/a><\/div>\n<\/div>\n\n\n\n<p><\/p>\n","protected":false},"excerpt":{"rendered":"<p>IBS Dr. Sommer GmbHPromenade 752076 AachenTelefon: +49 2408 9472 0Telefax: +49 2408 9472 15eMail:&nbsp;info@ibs-aachen.deInternet:&nbsp;www.ibs-aachen.de Vertretungsberechtigte Gesch\u00e4ftsf\u00fchrer:Dipl.-Ing. Guido Dubois, Dipl.-Inform. Boris Oph\u00fcls Registergericht: Amtsgericht AachenRegisternummer: HRB 6628 UST.-ID-Nr. gem\u00e4\u00df \u00a7 27a UStG: DE 179 074 062Steuer-Nr.: 201 \/ 5968 \/ 3068<\/p>\n","protected":false},"author":1,"featured_media":0,"parent":0,"menu_order":0,"comment_status":"closed","ping_status":"closed","template":"","meta":{"footnotes":""},"class_list":["post-295","page","type-page","status-publish","hentry"],"blocksy_meta":{"styles_descriptor":{"styles":{"desktop":"","tablet":"","mobile":""},"google_fonts":[],"version":6}},"_links":{"self":[{"href":"https:\/\/www.ibs-aachen.de\/index.php?rest_route=\/wp\/v2\/pages\/295","targetHints":{"allow":["GET"]}}],"collection":[{"href":"https:\/\/www.ibs-aachen.de\/index.php?rest_route=\/wp\/v2\/pages"}],"about":[{"href":"https:\/\/www.ibs-aachen.de\/index.php?rest_route=\/wp\/v2\/types\/page"}],"author":[{"embeddable":true,"href":"https:\/\/www.ibs-aachen.de\/index.php?rest_route=\/wp\/v2\/users\/1"}],"replies":[{"embeddable":true,"href":"https:\/\/www.ibs-aachen.de\/index.php?rest_route=%2Fwp%2Fv2%2Fcomments&post=295"}],"version-history":[{"count":6,"href":"https:\/\/www.ibs-aachen.de\/index.php?rest_route=\/wp\/v2\/pages\/295\/revisions"}],"predecessor-version":[{"id":536,"href":"https:\/\/www.ibs-aachen.de\/index.php?rest_route=\/wp\/v2\/pages\/295\/revisions\/536"}],"wp:attachment":[{"href":"https:\/\/www.ibs-aachen.de\/index.php?rest_route=%2Fwp%2Fv2%2Fmedia&parent=295"}],"curies":[{"name":"wp","href":"https:\/\/api.w.org\/{rel}","templated":true}]}}