{"id":297,"date":"2020-08-25T15:34:14","date_gmt":"2020-08-25T13:34:14","guid":{"rendered":"https:\/\/wp.ibs-aachen.de\/?page_id=297"},"modified":"2020-12-17T14:19:00","modified_gmt":"2020-12-17T13:19:00","slug":"technik-1","status":"publish","type":"page","link":"https:\/\/www.ibs-aachen.de\/?page_id=297","title":{"rendered":"HISTORIE"},"content":{"rendered":"\n<div class=\"wp-block-cover\" style=\"background-image:url(\/wp-content\/uploads\/2020\/12\/IBS_GmbH-Hist.jpg);min-height:257px;aspect-ratio:unset;\"><div class=\"wp-block-cover__inner-container is-layout-flow wp-block-cover-is-layout-flow\">\n<p class=\"has-text-align-left has-large-font-size\"><strong>IT-Leistungen <br>Made in Aachen<\/strong><\/p>\n<\/div><\/div>\n\n\n\n<div style=\"height:21px\" aria-hidden=\"true\" class=\"wp-block-spacer\"><\/div>\n\n\n\n<ul class=\"wp-block-list\"><li>Die beiden Gr\u00fcnder Dr. Werner Glasmacher und Dr. Dietmar Sommer gingen 1967 nach ihrem Mathematik-Studium und der anschlie\u00dfenden Assistentent\u00e4tigkeit am Institut f\u00fcr Geometrie und Praktische Mathematik an der RWTH Aachen sowie der Promotion zum Dr.rer.nat. den Schritt in die Selbst\u00e4ndigkeit. Neben ersten Erfolgen mit technischen Anwendungen entwickelten die Aachener schon fr\u00fchzeitig kommerzielle Individual-Software.<br><\/li><li>Anfang 1996 trennten sich die Wege der beiden Gr\u00fcnder und es entstand die heutige IBS Dr. Sommer GmbH unter der Leitung von Herrn Dr. Dietmar Sommer.<br><\/li><li>Zum 31. Dezember 1997 ist Herr Dr. Dietmar Sommer als Gesch\u00e4ftsf\u00fchrer der IBS Dr. Sommer GmbH ausgeschieden. <br>Am 1. Januar 1998 wurden Dipl.-Ing. Guido Dubois und Dipl.-Inform. Boris Oph\u00fcls als einzeln zur Vertretung berechtigte Gesch\u00e4ftsf\u00fchrer der Gesellschaft bestellt.<br><\/li><li><strong>Zum 01.10.2001 \u00fcbernahmen die beiden Gesch\u00e4ftsf\u00fchrer Guido Dubois und Boris Oph\u00fcls die Gesamtanteile der IBS Dr. Sommer GmbH zu jeweils 50% von Dr. Dietmar Sommer.<\/strong><\/li><\/ul>\n\n\n\n<p><strong>Im Laufe der Zeit wurde das Angebotsspektrum durch selbst entwickelte Standardpakete st\u00e4ndig erweitert. Mit wachsender Erfahrung in vielen Teilbereichen der Informationsverarbeitung konnte bald ein umfassendes Angebot an Service und Dienstleistungen aufgebaut werden, wobei dem Dienst am Kunden besondere Aufmerksamkeit geschenkt wurde und wird.<\/strong><\/p>\n\n\n\n<ul class=\"wp-block-list\" id=\"block-47a7422c-40ed-4e2e-a035-ff79628b4be0\"><li>Im Bereich der technischen Software entwickelte IBS ein umfangreiches Programmpaket zur Optimierung von Bewegungsvorg\u00e4ngen in Verpackungs-, Textil-, Druck-, Umform- und Werkzeugmaschinen, welches laufend erweitert, verbessert und auf immer schnellere und modernere Rechenanlagen portiert wird. Ingenieure verschiedenster Firmen arbeiten mit diesem Simulationsprogramm und setzen es erfolgreich bei der Entwicklung ihrer Maschinenkomponenten ein.<br><\/li><li>Das Dienstleistungsangebot im Bereich \u201eTechnische Berechnungen\u201c umfasst au\u00dferdem die Beratung der Kunden bei der Auslegung und Optimierung von Bewegungsabl\u00e4ufen, die Erstellung von Analyseprogrammen zur Berechnung von ungleich \u00fcbersetzenden Getrieben und die Berechnung von Kurvenscheiben einschlie\u00dflich der Erstellung der CNC-Programme f\u00fcr die Fertigung.<br><\/li><li>Im Bereich der kommerziellen Datenverarbeitung wurden im Laufe der Zeit f\u00fcr die verschiedensten Branchen Systeml\u00f6sungen erarbeitet. Auch hier wurden seit 1967 viele Entwicklungsstufen von Hard- und Software bis hin zu den Hardware unabh\u00e4ngigen 4GL-Entwicklungstools durchlaufen.<br><\/li><li>1983 wurde ein Radiologen-System zun\u00e4chst f\u00fcr eine Anlage der \u201eMittleren Datentechnik\u201c entwickelt. Das fachliche Know-How wurde in Zusammenarbeit mit dem Aachener Radiologen Dr. med. H. K\u00fcsters speziell mit Schwerpunkt auf die Automatisierung der Befundung f\u00fcr Radiologen entwickelt. In 1992 begann die Umstellung auf vernetzte PCs unter Ber\u00fccksichtigung neuer Techniken (Versichertenkarte, digitale KV-Abrechnung usw.).<\/li><\/ul>\n","protected":false},"excerpt":{"rendered":"<p>Die beiden Gr\u00fcnder Dr. Werner Glasmacher und Dr. Dietmar Sommer gingen 1967 nach ihrem Mathematik-Studium und der anschlie\u00dfenden Assistentent\u00e4tigkeit am Institut f\u00fcr Geometrie und Praktische Mathematik an der RWTH Aachen sowie der Promotion zum Dr.rer.nat. den Schritt in die Selbst\u00e4ndigkeit. Neben ersten Erfolgen mit technischen Anwendungen entwickelten die Aachener schon fr\u00fchzeitig kommerzielle Individual-Software. Anfang 1996 [&hellip;]<\/p>\n","protected":false},"author":1,"featured_media":0,"parent":0,"menu_order":0,"comment_status":"closed","ping_status":"closed","template":"","meta":{"footnotes":""},"class_list":["post-297","page","type-page","status-publish","hentry"],"blocksy_meta":{"styles_descriptor":{"styles":{"desktop":"","tablet":"","mobile":""},"google_fonts":[],"version":6}},"_links":{"self":[{"href":"https:\/\/www.ibs-aachen.de\/index.php?rest_route=\/wp\/v2\/pages\/297","targetHints":{"allow":["GET"]}}],"collection":[{"href":"https:\/\/www.ibs-aachen.de\/index.php?rest_route=\/wp\/v2\/pages"}],"about":[{"href":"https:\/\/www.ibs-aachen.de\/index.php?rest_route=\/wp\/v2\/types\/page"}],"author":[{"embeddable":true,"href":"https:\/\/www.ibs-aachen.de\/index.php?rest_route=\/wp\/v2\/users\/1"}],"replies":[{"embeddable":true,"href":"https:\/\/www.ibs-aachen.de\/index.php?rest_route=%2Fwp%2Fv2%2Fcomments&post=297"}],"version-history":[{"count":22,"href":"https:\/\/www.ibs-aachen.de\/index.php?rest_route=\/wp\/v2\/pages\/297\/revisions"}],"predecessor-version":[{"id":727,"href":"https:\/\/www.ibs-aachen.de\/index.php?rest_route=\/wp\/v2\/pages\/297\/revisions\/727"}],"wp:attachment":[{"href":"https:\/\/www.ibs-aachen.de\/index.php?rest_route=%2Fwp%2Fv2%2Fmedia&parent=297"}],"curies":[{"name":"wp","href":"https:\/\/api.w.org\/{rel}","templated":true}]}}