{"id":298,"date":"2020-08-25T15:34:15","date_gmt":"2020-08-25T13:34:15","guid":{"rendered":"https:\/\/wp.ibs-aachen.de\/?page_id=298"},"modified":"2020-12-17T11:46:50","modified_gmt":"2020-12-17T10:46:50","slug":"technik-2","status":"publish","type":"page","link":"https:\/\/www.ibs-aachen.de\/?page_id=298","title":{"rendered":"BRANCHEN"},"content":{"rendered":"\n<h6 class=\"wp-block-heading\" style=\"font-size:clamp(14px, 0.875rem + ((1vw - 3.2px) * 0.313), 18px);px\">Bereits seit 1967 profitieren Kunden aus verschiedenen Branchen von unserem Leistungssprektrum. Daher verf\u00fcgen wir \u00fcber einen breiten interdisziplin\u00e4ren Erfahrungsschatz, auf den wir bei der Erarbeitung individueller L\u00f6sungen zur\u00fcckgreifen k\u00f6nnen.<\/h6>\n\n\n\n<p>In der Auftragsprogrammierung und im Bereich Netzwerkdienstleistungen und Netzwerksicherheit sind wir f\u00fcr folgende Branchen t\u00e4tig: <\/p>\n\n\n\n<h4 class=\"has-palette-color-1-color has-text-color wp-block-heading\" style=\"font-size:clamp(14.642px, 0.915rem + ((1vw - 3.2px) * 0.575), 22px);px\">&#8211;  Industrie<br>&#8211;  e-commerce<br>&#8211;  Sozialdienstleister<br>&#8211;  Sicherheitstechnik<br>&#8211;  Objekt\u00fcberwachung<br>&#8211;  Gesundheits-  und Pflegeeinrichtungen<\/h4>\n\n\n\n<p><\/p>\n","protected":false},"excerpt":{"rendered":"<p>Bereits seit 1967 profitieren Kunden aus verschiedenen Branchen von unserem Leistungssprektrum. Daher verf\u00fcgen wir \u00fcber einen breiten interdisziplin\u00e4ren Erfahrungsschatz, auf den wir bei der Erarbeitung individueller L\u00f6sungen zur\u00fcckgreifen k\u00f6nnen. In der Auftragsprogrammierung und im Bereich Netzwerkdienstleistungen und Netzwerksicherheit sind wir f\u00fcr folgende Branchen t\u00e4tig: &#8211; Industrie&#8211; e-commerce&#8211; Sozialdienstleister&#8211; Sicherheitstechnik&#8211; Objekt\u00fcberwachung&#8211; Gesundheits- und Pflegeeinrichtungen<\/p>\n","protected":false},"author":1,"featured_media":0,"parent":0,"menu_order":0,"comment_status":"closed","ping_status":"closed","template":"","meta":{"footnotes":""},"class_list":["post-298","page","type-page","status-publish","hentry"],"blocksy_meta":{"styles_descriptor":{"styles":{"desktop":"","tablet":"","mobile":""},"google_fonts":[],"version":6}},"_links":{"self":[{"href":"https:\/\/www.ibs-aachen.de\/index.php?rest_route=\/wp\/v2\/pages\/298","targetHints":{"allow":["GET"]}}],"collection":[{"href":"https:\/\/www.ibs-aachen.de\/index.php?rest_route=\/wp\/v2\/pages"}],"about":[{"href":"https:\/\/www.ibs-aachen.de\/index.php?rest_route=\/wp\/v2\/types\/page"}],"author":[{"embeddable":true,"href":"https:\/\/www.ibs-aachen.de\/index.php?rest_route=\/wp\/v2\/users\/1"}],"replies":[{"embeddable":true,"href":"https:\/\/www.ibs-aachen.de\/index.php?rest_route=%2Fwp%2Fv2%2Fcomments&post=298"}],"version-history":[{"count":11,"href":"https:\/\/www.ibs-aachen.de\/index.php?rest_route=\/wp\/v2\/pages\/298\/revisions"}],"predecessor-version":[{"id":710,"href":"https:\/\/www.ibs-aachen.de\/index.php?rest_route=\/wp\/v2\/pages\/298\/revisions\/710"}],"wp:attachment":[{"href":"https:\/\/www.ibs-aachen.de\/index.php?rest_route=%2Fwp%2Fv2%2Fmedia&parent=298"}],"curies":[{"name":"wp","href":"https:\/\/api.w.org\/{rel}","templated":true}]}}