{"id":43,"date":"2020-08-19T13:30:12","date_gmt":"2020-08-19T11:30:12","guid":{"rendered":"https:\/\/wp.ibs-aachen.de\/?page_id=43"},"modified":"2020-09-01T16:41:57","modified_gmt":"2020-09-01T14:41:57","slug":"netzwerktechnik","status":"publish","type":"page","link":"https:\/\/www.ibs-aachen.de\/?page_id=43","title":{"rendered":"Individuelle Programmierl\u00f6sungen"},"content":{"rendered":"\n<div class=\"wp-block-cover alignfull has-background-dim-10 has-palette-color-5-background-color has-background-dim\" style=\"background-image:url(\/wp-content\/uploads\/2020\/08\/Hintergrund-Motiv-Netzwerk5.png);min-height:450px;aspect-ratio:unset;\"><div class=\"wp-block-cover__inner-container is-layout-flow wp-block-cover-is-layout-flow\">\n<h2 class=\"wp-block-heading\">Einzigartige Netzwerk-L\u00f6sungen f\u00fcr spezielle Aufgaben<\/h2>\n<\/div><\/div>\n\n\n\n<p><strong>Jedes Unternehmen hat andere Anspr\u00fcche an ein Netzwerk<\/strong>. &#8230;..Hier mehr Text<\/p>\n\n\n\n<p>Dank \u00fcber 50-j\u00e4hriger Erfahrung und unseres umfangreichen Know-hows sind wir f\u00fcr jede Herausforderung ger\u00fcstet. Da wir bereits f\u00fcr Unternehmen aus den verschiedensten Branchen individuelle L\u00f6sungen entwickelt haben, verf\u00fcgen wir \u00fcber interdisziplin\u00e4re Kenntnisse in der Auftragsprogrammierung. Dieses branchen\u00fcbergreifende Wissen nutzen wir, um zukunftsweisende flexible Systeme zu entwickeln. Somit erhalten unsere Kunden keine L\u00f6sungen \u201evon der Stange\u201c, sondern individuelle Sonderanfertigungen.<\/p>\n\n\n\n<p>Bei jedem Entwicklungsvorhaben nehmen wir uns viel Zeit f\u00fcr Sie und binden Sie intensiv in die Fortschritte des Projektes ein.<\/p>\n","protected":false},"excerpt":{"rendered":"<p>Jedes Unternehmen hat andere Anspr\u00fcche an ein Netzwerk. &#8230;..Hier mehr Text Dank \u00fcber 50-j\u00e4hriger Erfahrung und unseres umfangreichen Know-hows sind wir f\u00fcr jede Herausforderung ger\u00fcstet. Da wir bereits f\u00fcr Unternehmen aus den verschiedensten Branchen individuelle L\u00f6sungen entwickelt haben, verf\u00fcgen wir \u00fcber interdisziplin\u00e4re Kenntnisse in der Auftragsprogrammierung. Dieses branchen\u00fcbergreifende Wissen nutzen wir, um zukunftsweisende flexible Systeme [&hellip;]<\/p>\n","protected":false},"author":1,"featured_media":0,"parent":0,"menu_order":0,"comment_status":"closed","ping_status":"closed","template":"","meta":{"footnotes":""},"class_list":["post-43","page","type-page","status-publish","hentry"],"blocksy_meta":{"styles_descriptor":{"styles":{"desktop":"","tablet":"","mobile":""},"google_fonts":[],"version":6}},"_links":{"self":[{"href":"https:\/\/www.ibs-aachen.de\/index.php?rest_route=\/wp\/v2\/pages\/43","targetHints":{"allow":["GET"]}}],"collection":[{"href":"https:\/\/www.ibs-aachen.de\/index.php?rest_route=\/wp\/v2\/pages"}],"about":[{"href":"https:\/\/www.ibs-aachen.de\/index.php?rest_route=\/wp\/v2\/types\/page"}],"author":[{"embeddable":true,"href":"https:\/\/www.ibs-aachen.de\/index.php?rest_route=\/wp\/v2\/users\/1"}],"replies":[{"embeddable":true,"href":"https:\/\/www.ibs-aachen.de\/index.php?rest_route=%2Fwp%2Fv2%2Fcomments&post=43"}],"version-history":[{"count":26,"href":"https:\/\/www.ibs-aachen.de\/index.php?rest_route=\/wp\/v2\/pages\/43\/revisions"}],"predecessor-version":[{"id":457,"href":"https:\/\/www.ibs-aachen.de\/index.php?rest_route=\/wp\/v2\/pages\/43\/revisions\/457"}],"wp:attachment":[{"href":"https:\/\/www.ibs-aachen.de\/index.php?rest_route=%2Fwp%2Fv2%2Fmedia&parent=43"}],"curies":[{"name":"wp","href":"https:\/\/api.w.org\/{rel}","templated":true}]}}