{"id":434,"date":"2020-09-01T13:39:55","date_gmt":"2020-09-01T11:39:55","guid":{"rendered":"https:\/\/wp.ibs-aachen.de\/?page_id=434"},"modified":"2020-12-17T13:28:28","modified_gmt":"2020-12-17T12:28:28","slug":"programmierloesungen","status":"publish","type":"page","link":"https:\/\/www.ibs-aachen.de\/?page_id=434","title":{"rendered":"AUFTRAGSPROGRAMMIERUNG"},"content":{"rendered":"\n<div class=\"wp-block-cover alignfull has-background-dim-0 has-palette-color-1-background-color has-background-dim\" style=\"background-image:url(\/wp-content\/uploads\/2020\/09\/Auftragsprogrammierung2.jpg);background-position:29% 50%;min-height:420px;aspect-ratio:unset;\"><div class=\"wp-block-cover__inner-container is-layout-flow wp-block-cover-is-layout-flow\">\n<p class=\"has-text-align-center has-large-font-size\"><\/p>\n<\/div><\/div>\n\n\n\n<div style=\"height:20px\" aria-hidden=\"true\" class=\"wp-block-spacer\"><\/div>\n\n\n\n<h2 class=\"wp-block-heading\">professionell &#8211; flexibel &#8211; ma\u00dfgeschneidert<\/h2>\n\n\n\n<h5 class=\"has-palette-color-3-color has-text-color wp-block-heading\">Sie ben\u00f6tigen ganz spezielle Softwarel\u00f6sungen, die auf die konkreten Bed\u00fcrnisse und Anforderungen Ihres Unternehmens zugeschnitten sind? Wir schaffen solide L\u00f6sungen, deren technischen M\u00f6glichkeiten beinahe keine Grenzen gesetzt sind.<\/h5>\n\n\n\n<p>Das Team der IBS Dr. Sommer GmbH besteht aus erfahrenen Experten in der Auftragsprogrammierung und der Erstellung individueller Programmierl\u00f6sungen. Von der Planung bis zur Fertigstellung bleiben wir in enger Zusammenarbeit mit den sp\u00e4teren Anwendern und geben auf Wunsch stets Einblick in das Fortschreiten der Entwicklung.&nbsp;<\/p>\n\n\n\n<p><strong>Profitieren Sie von unserem Experten-Team um gemeinsam mit Ihnen eine effiziente und sichere IT-Strategie zu entwickeln.  <\/strong><\/p>\n\n\n\n<p><\/p>\n\n\n\n<p><\/p>\n","protected":false},"excerpt":{"rendered":"<p>professionell &#8211; flexibel &#8211; ma\u00dfgeschneidert Sie ben\u00f6tigen ganz spezielle Softwarel\u00f6sungen, die auf die konkreten Bed\u00fcrnisse und Anforderungen Ihres Unternehmens zugeschnitten sind? Wir schaffen solide L\u00f6sungen, deren technischen M\u00f6glichkeiten beinahe keine Grenzen gesetzt sind. Das Team der IBS Dr. Sommer GmbH besteht aus erfahrenen Experten in der Auftragsprogrammierung und der Erstellung individueller Programmierl\u00f6sungen. Von der Planung [&hellip;]<\/p>\n","protected":false},"author":1,"featured_media":0,"parent":0,"menu_order":0,"comment_status":"closed","ping_status":"closed","template":"","meta":{"footnotes":""},"class_list":["post-434","page","type-page","status-publish","hentry"],"blocksy_meta":{"styles_descriptor":{"styles":{"desktop":"","tablet":"","mobile":""},"google_fonts":[],"version":6}},"_links":{"self":[{"href":"https:\/\/www.ibs-aachen.de\/index.php?rest_route=\/wp\/v2\/pages\/434","targetHints":{"allow":["GET"]}}],"collection":[{"href":"https:\/\/www.ibs-aachen.de\/index.php?rest_route=\/wp\/v2\/pages"}],"about":[{"href":"https:\/\/www.ibs-aachen.de\/index.php?rest_route=\/wp\/v2\/types\/page"}],"author":[{"embeddable":true,"href":"https:\/\/www.ibs-aachen.de\/index.php?rest_route=\/wp\/v2\/users\/1"}],"replies":[{"embeddable":true,"href":"https:\/\/www.ibs-aachen.de\/index.php?rest_route=%2Fwp%2Fv2%2Fcomments&post=434"}],"version-history":[{"count":26,"href":"https:\/\/www.ibs-aachen.de\/index.php?rest_route=\/wp\/v2\/pages\/434\/revisions"}],"predecessor-version":[{"id":716,"href":"https:\/\/www.ibs-aachen.de\/index.php?rest_route=\/wp\/v2\/pages\/434\/revisions\/716"}],"wp:attachment":[{"href":"https:\/\/www.ibs-aachen.de\/index.php?rest_route=%2Fwp%2Fv2%2Fmedia&parent=434"}],"curies":[{"name":"wp","href":"https:\/\/api.w.org\/{rel}","templated":true}]}}